{"id":81,"date":"2024-01-20T12:21:42","date_gmt":"2024-01-20T15:21:42","guid":{"rendered":"https:\/\/tonyberchmans.com\/?page_id=81"},"modified":"2024-03-19T11:46:40","modified_gmt":"2024-03-19T14:46:40","slug":"band","status":"publish","type":"page","link":"https:\/\/tonyberchmans.com\/?page_id=81","title":{"rendered":"Projetos"},"content":{"rendered":"<nav class=\"is-responsive wp-block-navigation is-layout-flex wp-block-navigation-is-layout-flex\" aria-label=\"Navega\u00e7\u00e3o\" \n\t\t\tdata-wp-interactive\n\t\t\tdata-wp-context='{\"core\":{\"navigation\":{\"overlayOpenedBy\":[],\"type\":\"overlay\",\"roleAttribute\":\"\",\"ariaLabel\":\"Menu\"}}}'\n\t\t><button aria-haspopup=\"true\" aria-label=\"Abrir menu\" class=\"wp-block-navigation__responsive-container-open \" \n\t\t\tdata-wp-on--click=\"actions.core.navigation.openMenuOnClick\"\n\t\t\tdata-wp-on--keydown=\"actions.core.navigation.handleMenuKeydown\"\n\t\t><svg width=\"24\" height=\"24\" xmlns=\"http:\/\/www.w3.org\/2000\/svg\" viewBox=\"0 0 24 24\" aria-hidden=\"true\" focusable=\"false\"><rect x=\"4\" y=\"7.5\" width=\"16\" height=\"1.5\" \/><rect x=\"4\" y=\"15\" width=\"16\" height=\"1.5\" \/><\/svg><\/button>\n\t\t\t<div class=\"wp-block-navigation__responsive-container  \" style=\"\" id=\"modal-1\" \n\t\t\tdata-wp-class--has-modal-open=\"selectors.core.navigation.isMenuOpen\"\n\t\t\tdata-wp-class--is-menu-open=\"selectors.core.navigation.isMenuOpen\"\n\t\t\tdata-wp-effect=\"effects.core.navigation.initMenu\"\n\t\t\tdata-wp-on--keydown=\"actions.core.navigation.handleMenuKeydown\"\n\t\t\tdata-wp-on--focusout=\"actions.core.navigation.handleMenuFocusout\"\n\t\t\ttabindex=\"-1\"\n\t\t>\n\t\t\t\t<div class=\"wp-block-navigation__responsive-close\" tabindex=\"-1\">\n\t\t\t\t\t<div class=\"wp-block-navigation__responsive-dialog\" \n\t\t\tdata-wp-bind--aria-modal=\"selectors.core.navigation.ariaModal\"\n\t\t\tdata-wp-bind--aria-label=\"selectors.core.navigation.ariaLabel\"\n\t\t\tdata-wp-bind--role=\"selectors.core.navigation.roleAttribute\"\n\t\t\tdata-wp-effect=\"effects.core.navigation.focusFirstElement\"\n\t\t>\n\t\t\t\t\t\t\t<button aria-label=\"Fechar menu\" class=\"wp-block-navigation__responsive-container-close\" \n\t\t\tdata-wp-on--click=\"actions.core.navigation.closeMenuOnClick\"\n\t\t><svg xmlns=\"http:\/\/www.w3.org\/2000\/svg\" viewBox=\"0 0 24 24\" width=\"24\" height=\"24\" aria-hidden=\"true\" focusable=\"false\"><path d=\"M13 11.8l6.1-6.3-1-1-6.1 6.2-6.1-6.2-1 1 6.1 6.3-6.5 6.7 1 1 6.5-6.6 6.5 6.6 1-1z\"><\/path><\/svg><\/button>\n\t\t\t\t\t\t<div class=\"wp-block-navigation__responsive-container-content\" id=\"modal-1-content\">\n\t\t\t\t\t\t\t\n<div class=\"wp-block-buttons is-layout-flex wp-block-buttons-is-layout-flex\">\n<div class=\"wp-block-button is-style-transparent\"><a class=\"wp-block-button__link wp-element-button\" style=\"border-style:none;border-width:0px\">&lt;&lt;<\/a><\/div>\n<\/div>\n\n\t\t\t\t\t\t<\/div>\n\t\t\t\t\t<\/div>\n\t\t\t\t<\/div>\n\t\t\t<\/div><\/nav>\n\n\n<div style=\"height:60px\" aria-hidden=\"true\" class=\"wp-block-spacer\"><\/div>\n\n\n\n<div class=\"wp-block-columns is-layout-flex wp-container-core-columns-layout-1 wp-block-columns-is-layout-flex\">\n<div class=\"wp-block-column is-layout-flow wp-block-column-is-layout-flow\">\n<h2 class=\"wp-block-heading is-style-small-text\" style=\"margin-top:0px;margin-right:0px;margin-bottom:0px;margin-left:0px\"><mark style=\"background-color:rgba(0, 0, 0, 0)\" class=\"has-inline-color has-main-color\">produ\u00e7\u00f5es originais<\/mark><\/h2>\n\n\n\n<h2 class=\"wp-block-heading is-style-text-outline has-xl-font-size\" style=\"margin-top:0px;margin-right:0px;margin-bottom:20px;margin-left:0px\">TONY BERCHMANS<\/h2>\n<\/div>\n\n\n\n<div class=\"wp-block-column is-layout-flow wp-block-column-is-layout-flow\">\n<figure class=\"wp-block-image aligncenter size-large is-style-default\"><img loading=\"lazy\" decoding=\"async\" width=\"1024\" height=\"633\" src=\"http:\/\/tonyberchmans.com\/wp-content\/uploads\/2024\/02\/Screenshot-2024-02-13-at-15.51.12-1024x633.png\" alt=\"\" class=\"wp-image-201\" srcset=\"https:\/\/tonyberchmans.com\/wp-content\/uploads\/2024\/02\/Screenshot-2024-02-13-at-15.51.12-1024x633.png 1024w, https:\/\/tonyberchmans.com\/wp-content\/uploads\/2024\/02\/Screenshot-2024-02-13-at-15.51.12-300x185.png 300w, https:\/\/tonyberchmans.com\/wp-content\/uploads\/2024\/02\/Screenshot-2024-02-13-at-15.51.12-768x474.png 768w, https:\/\/tonyberchmans.com\/wp-content\/uploads\/2024\/02\/Screenshot-2024-02-13-at-15.51.12-1140x704.png 1140w, https:\/\/tonyberchmans.com\/wp-content\/uploads\/2024\/02\/Screenshot-2024-02-13-at-15.51.12.png 1504w\" sizes=\"(max-width: 1024px) 100vw, 1024px\" \/><\/figure>\n<\/div>\n\n\n\n<div class=\"wp-block-column is-layout-flow wp-block-column-is-layout-flow\" style=\"padding-right:20px;padding-left:20px\">\n<details class=\"wp-block-details is-layout-flow wp-block-details-is-layout-flow\"><summary>PUBLICIDADE<\/summary>\n<p>Composi\u00e7\u00e3o de m\u00fasica original para publicidade \/ advertising<\/p>\n\n\n\n<figure class=\"wp-block-embed is-type-video is-provider-vimeo wp-block-embed-vimeo wp-embed-aspect-16-9 wp-has-aspect-ratio\"><div class=\"wp-block-embed__wrapper\">\n<iframe loading=\"lazy\" title=\"Tony Berchmans reel 2023\" src=\"https:\/\/player.vimeo.com\/video\/835416836?dnt=1&amp;app_id=122963\" width=\"500\" height=\"281\" frameborder=\"0\" allow=\"autoplay; fullscreen; picture-in-picture; clipboard-write\"><\/iframe>\n<\/div><\/figure>\n<\/details>\n\n\n\n<div style=\"height:60px\" aria-hidden=\"true\" class=\"wp-block-spacer\"><\/div>\n\n\n\n<hr class=\"wp-block-separator has-alpha-channel-opacity\"\/>\n\n\n\n<details class=\"wp-block-details is-layout-flow wp-block-details-is-layout-flow\"><summary>SOLINA<\/summary>\n<figure class=\"wp-block-embed is-type-rich is-provider-spotify wp-block-embed-spotify wp-embed-aspect-21-9 wp-has-aspect-ratio\"><div class=\"wp-block-embed__wrapper\">\n<iframe title=\"Spotify Embed: Solina (Live)\" style=\"border-radius: 12px\" width=\"100%\" height=\"152\" frameborder=\"0\" allowfullscreen allow=\"autoplay; clipboard-write; encrypted-media; fullscreen; picture-in-picture\" loading=\"lazy\" src=\"https:\/\/open.spotify.com\/embed\/track\/0RN7D6HtyWVhjDN6wEWIb1?si=15b585d3ba494ffa&#038;utm_source=oembed\"><\/iframe>\n<\/div><figcaption class=\"wp-element-caption\">Escute o \u00faltimo single de Tony Berchmans<\/figcaption><\/figure>\n<\/details>\n<\/div>\n<\/div>\n\n\n\n<div style=\"height:60px\" aria-hidden=\"true\" class=\"wp-block-spacer\"><\/div>\n\n\n\n<hr class=\"wp-block-separator has-css-opacity is-style-wide\"\/>\n\n\n\n<div style=\"height:40px\" aria-hidden=\"true\" class=\"wp-block-spacer\"><\/div>\n\n\n\n<div class=\"wp-block-columns is-layout-flex wp-container-core-columns-layout-2 wp-block-columns-is-layout-flex\">\n<div class=\"wp-block-column is-vertically-aligned-top is-layout-flow wp-block-column-is-layout-flow\">\n<h2 class=\"wp-block-heading is-style-small-text\" style=\"margin-top:0px;margin-right:0px;margin-bottom:0px;margin-left:0px\"><mark style=\"background-color:rgba(0, 0, 0, 0)\" class=\"has-inline-color has-main-color\">espet\u00e1culos<\/mark><\/h2>\n\n\n\n<h2 class=\"wp-block-heading is-style-text-outline has-xl-font-size\" style=\"margin-top:0px;margin-right:0px;margin-bottom:20px;margin-left:0px\">CINEPIANO<\/h2>\n<\/div>\n\n\n\n<div class=\"wp-block-column is-layout-flow wp-block-column-is-layout-flow\">\n<figure class=\"wp-block-image aligncenter size-large is-style-default\"><img loading=\"lazy\" decoding=\"async\" width=\"1024\" height=\"684\" src=\"http:\/\/tonyberchmans.com\/wp-content\/uploads\/2024\/01\/CINEPIANO_TonyBerchmans_by_Chico_Mitre-1024x684.jpg\" alt=\"\" class=\"wp-image-109\" srcset=\"https:\/\/tonyberchmans.com\/wp-content\/uploads\/2024\/01\/CINEPIANO_TonyBerchmans_by_Chico_Mitre-1024x684.jpg 1024w, https:\/\/tonyberchmans.com\/wp-content\/uploads\/2024\/01\/CINEPIANO_TonyBerchmans_by_Chico_Mitre-300x200.jpg 300w, https:\/\/tonyberchmans.com\/wp-content\/uploads\/2024\/01\/CINEPIANO_TonyBerchmans_by_Chico_Mitre-768x513.jpg 768w, https:\/\/tonyberchmans.com\/wp-content\/uploads\/2024\/01\/CINEPIANO_TonyBerchmans_by_Chico_Mitre-1536x1026.jpg 1536w, https:\/\/tonyberchmans.com\/wp-content\/uploads\/2024\/01\/CINEPIANO_TonyBerchmans_by_Chico_Mitre-2048x1368.jpg 2048w, https:\/\/tonyberchmans.com\/wp-content\/uploads\/2024\/01\/CINEPIANO_TonyBerchmans_by_Chico_Mitre-1140x761.jpg 1140w\" sizes=\"(max-width: 1024px) 100vw, 1024px\" \/><\/figure>\n<\/div>\n\n\n\n<div class=\"wp-block-column is-layout-flow wp-block-column-is-layout-flow\" style=\"padding-right:20px;padding-left:20px\">\n<details class=\"wp-block-details is-layout-flow wp-block-details-is-layout-flow\"><summary>CLASSICO<\/summary>\n<p>Com mais de 190 apresenta\u00e7\u00f5es realizadas no Brasil, It\u00e1lia, Portugal, Inglaterra, Noruega e Rom\u00eania, o CINEPIANO \u00e9 espet\u00e1culo audiovisual em que Tony Berchmans acompanha cl\u00e1ssicos do cinema mudo ao piano, fazendo sua trilha improvisada ao vivo, utilizando uma impressionante t\u00e9cnica de sincronismo e interpreta\u00e7\u00e3o narrativa. <\/p>\n\n\n\n<figure class=\"wp-block-embed is-type-video is-provider-youtube wp-block-embed-youtube wp-embed-aspect-16-9 wp-has-aspect-ratio\"><div class=\"wp-block-embed__wrapper\">\n<iframe loading=\"lazy\" title=\"Cinepiano Tony Berchmans\" width=\"500\" height=\"281\" src=\"https:\/\/www.youtube.com\/embed\/G27U_UjXpFo?feature=oembed\" frameborder=\"0\" allow=\"accelerometer; autoplay; clipboard-write; encrypted-media; gyroscope; picture-in-picture; web-share\" allowfullscreen><\/iframe>\n<\/div><\/figure>\n<\/details>\n\n\n\n<div style=\"height:60px\" aria-hidden=\"true\" class=\"wp-block-spacer\"><\/div>\n\n\n\n<hr class=\"wp-block-separator has-alpha-channel-opacity\"\/>\n\n\n\n<details class=\"wp-block-details is-layout-flow wp-block-details-is-layout-flow\"><summary>BERG<\/summary>\n<p>O Poema Sinf\u00f4nico Multim\u00eddia BERG \u00e9 uma performance de live cinema onde a hist\u00f3ria \u00e9 contada atrav\u00e9s da m\u00fasica de Tony Berchmans  e dos desenhos criados e manipulados pelo v\u00eddeo-artista Alt, tudo ao vivo. <\/p>\n\n\n\n<figure class=\"wp-block-embed is-type-video is-provider-youtube wp-block-embed-youtube wp-embed-aspect-16-9 wp-has-aspect-ratio\"><div class=\"wp-block-embed__wrapper\">\n<iframe loading=\"lazy\" title=\"BERG video conceito\" width=\"500\" height=\"281\" src=\"https:\/\/www.youtube.com\/embed\/mzoqsIsUioU?feature=oembed\" frameborder=\"0\" allow=\"accelerometer; autoplay; clipboard-write; encrypted-media; gyroscope; picture-in-picture; web-share\" allowfullscreen><\/iframe>\n<\/div><\/figure>\n<\/details>\n<\/div>\n<\/div>\n\n\n\n<div style=\"height:40px\" aria-hidden=\"true\" class=\"wp-block-spacer wp-embed-aspect-16-9 wp-has-aspect-ratio\"><\/div>\n\n\n\n<hr class=\"wp-block-separator has-css-opacity is-style-wide\"\/>\n\n\n\n<div style=\"height:40px\" aria-hidden=\"true\" class=\"wp-block-spacer\"><\/div>\n\n\n\n<div class=\"wp-block-columns wp-embed-aspect-16-9 wp-has-aspect-ratio is-layout-flex wp-container-core-columns-layout-3 wp-block-columns-is-layout-flex\">\n<div class=\"wp-block-column is-layout-flow wp-block-column-is-layout-flow\">\n<h2 class=\"wp-block-heading is-style-small-text\" style=\"margin-top:0px;margin-right:0px;margin-bottom:0px;margin-left:0px\"><mark style=\"background-color:rgba(0, 0, 0, 0)\" class=\"has-inline-color has-main-color\">webs\u00e9rie<\/mark><\/h2>\n\n\n\n<h2 class=\"wp-block-heading is-style-text-outline has-xl-font-size\" style=\"margin-top:0px;margin-right:0px;margin-bottom:20px;margin-left:0px\">CINEPIANO SESSIONS<\/h2>\n<\/div>\n\n\n\n<div class=\"wp-block-column is-layout-flow wp-block-column-is-layout-flow\">\n<figure class=\"wp-block-image aligncenter size-large is-style-default\"><img loading=\"lazy\" decoding=\"async\" width=\"1024\" height=\"578\" src=\"http:\/\/tonyberchmans.com\/wp-content\/uploads\/2024\/02\/mini-1-1024x578.png\" alt=\"\" class=\"wp-image-181\" srcset=\"https:\/\/tonyberchmans.com\/wp-content\/uploads\/2024\/02\/mini-1-1024x578.png 1024w, https:\/\/tonyberchmans.com\/wp-content\/uploads\/2024\/02\/mini-1-300x169.png 300w, https:\/\/tonyberchmans.com\/wp-content\/uploads\/2024\/02\/mini-1-768x433.png 768w, https:\/\/tonyberchmans.com\/wp-content\/uploads\/2024\/02\/mini-1-1140x643.png 1140w, https:\/\/tonyberchmans.com\/wp-content\/uploads\/2024\/02\/mini-1.png 1280w\" sizes=\"(max-width: 1024px) 100vw, 1024px\" \/><\/figure>\n<\/div>\n\n\n\n<div class=\"wp-block-column is-layout-flow wp-block-column-is-layout-flow\" style=\"padding-right:20px;padding-left:20px\">\n<details class=\"wp-block-details is-layout-flow wp-block-details-is-layout-flow\"><summary>CANAL DO YOUTUBE<\/summary>\n<p>O CINEPIANO SESSIONS \u00e9 um canal do youtube que apresenta novos arranjos para cl\u00e1ssicos temas do cinema. A cada epis\u00f3dio Tony Berchmans traz convidados especiais para colaborarem juntos na cria\u00e7\u00e3o e performance de novos arranjos de temas de filmes.<\/p>\n\n\n\n<figure class=\"wp-block-embed is-type-video is-provider-youtube wp-block-embed-youtube wp-embed-aspect-16-9 wp-has-aspect-ratio\"><div class=\"wp-block-embed__wrapper\">\n<iframe loading=\"lazy\" title=\"CINEPIANO SESSIONS\" width=\"500\" height=\"281\" src=\"https:\/\/www.youtube.com\/embed\/videoseries?list=PLwTySrNbAvGOIh_7V9UilxuF8sfHbjjlB\" frameborder=\"0\" allow=\"accelerometer; autoplay; clipboard-write; encrypted-media; gyroscope; picture-in-picture; web-share\" allowfullscreen><\/iframe>\n<\/div><\/figure>\n<\/details>\n<\/div>\n<\/div>\n","protected":false},"excerpt":{"rendered":"<p>produ\u00e7\u00f5es originais TONY BERCHMANS espet\u00e1culos CINEPIANO webs\u00e9rie CINEPIANO SESSIONS<\/p>\n","protected":false},"author":1,"featured_media":0,"parent":0,"menu_order":0,"comment_status":"closed","ping_status":"closed","template":"","meta":{"om_disable_all_campaigns":false,"footnotes":""},"aioseo_notices":[],"_links":{"self":[{"href":"https:\/\/tonyberchmans.com\/index.php?rest_route=\/wp\/v2\/pages\/81"}],"collection":[{"href":"https:\/\/tonyberchmans.com\/index.php?rest_route=\/wp\/v2\/pages"}],"about":[{"href":"https:\/\/tonyberchmans.com\/index.php?rest_route=\/wp\/v2\/types\/page"}],"author":[{"embeddable":true,"href":"https:\/\/tonyberchmans.com\/index.php?rest_route=\/wp\/v2\/users\/1"}],"replies":[{"embeddable":true,"href":"https:\/\/tonyberchmans.com\/index.php?rest_route=%2Fwp%2Fv2%2Fcomments&post=81"}],"version-history":[{"count":19,"href":"https:\/\/tonyberchmans.com\/index.php?rest_route=\/wp\/v2\/pages\/81\/revisions"}],"predecessor-version":[{"id":300,"href":"https:\/\/tonyberchmans.com\/index.php?rest_route=\/wp\/v2\/pages\/81\/revisions\/300"}],"wp:attachment":[{"href":"https:\/\/tonyberchmans.com\/index.php?rest_route=%2Fwp%2Fv2%2Fmedia&parent=81"}],"curies":[{"name":"wp","href":"https:\/\/api.w.org\/{rel}","templated":true}]}}